{"id":615,"date":"2017-08-01T23:00:03","date_gmt":"2017-08-02T02:00:03","guid":{"rendered":"http:\/\/hazlosemejante.usal.edu.ar\/?page_id=615"},"modified":"2023-05-03T13:57:24","modified_gmt":"2023-05-03T16:57:24","slug":"sermones-y-exemplos-en-lengua-guarani","status":"publish","type":"page","link":"https:\/\/hazlosemejante.usal.edu.ar\/?page_id=615","title":{"rendered":"Sermones y exemplos en lengua guaran\u00ed"},"content":{"rendered":"<div id=\"pl-615\"  class=\"panel-layout\" ><div id=\"pg-615-0\"  class=\"panel-grid panel-has-style\" ><div class=\"siteorigin-panels-stretch panel-row-style panel-row-style-for-615-0\" data-stretch-type=\"full-stretched\" ><div id=\"pgc-615-0-0\"  class=\"panel-grid-cell\" ><div id=\"panel-615-0-0-0\" class=\"so-panel widget widget_sow-editor panel-first-child\" data-index=\"0\" ><div\n\t\t\t\n\t\t\tclass=\"so-widget-sow-editor so-widget-sow-editor-base\"\n\t\t\t\n\t\t><h3 class=\"widget-title\">Sermones y exemplos en lengua guaran\u00ed<\/h3>\n<div class=\"siteorigin-widget-tinymce textwidget\">\n\t<p style=\"text-align: justify; padding-left: 60px;\"><em>Documento de gran valor, pues completa las voces europeas sobre la evangelizaci\u00f3n jesu\u00edtica, postul\u00e1ndose como la mirada local sobre el tema. En efecto, estamos frente a la reproducci\u00f3n facsimilar de la edici\u00f3n pr\u00edncipe del a\u00f1o 1727 de esta obra compuesta por el Cacique Nicol\u00e1s Yapuguay, que adem\u00e1s de desempe\u00f1ar un cargo pol\u00edtico entre los nativos, se destac\u00f3 como m\u00fasico, grabador e historiador. Este escrito, nacido en Misiones, en el pueblo de Santa Mar\u00eda la Mayor, es la resultante de la escucha y ulterior elaboraci\u00f3n en lenguaje y sensibilidad guaran\u00edes, de las disquisiciones del P\u00e1rroco en cada misa dominical. Una particularidad de esta elaboraci\u00f3n de Yapuguay es la originalidad impresa a cada reflexi\u00f3n, pues no se limit\u00f3 a una simple transcripci\u00f3n, sino que adapt\u00f3 las ense\u00f1anzas europeas a las im\u00e1genes y met\u00e1foras aut\u00f3ctonas. En esta labor estuvo acompa\u00f1ado por el Padre Restivo, religioso de la Compa\u00f1\u00eda de Jes\u00fas. <\/em><\/p>\n<p style=\"padding-left: 60px;\"><strong>Yapuguay, Nicol\u00e1s<\/strong><\/p>\n<p style=\"padding-left: 60px;\"><strong>Sermones y exemplos en lengua guaran\u00ed \/Nicol\u00e1s Yapuguay ; introducci\u00f3n de Guillermo Furlong, S.J. \u2014 Ed. facs\u00edm. \u2014 Buenos Aires : Guarania, 1953. \u2014 ix, 164 p. ; 28 cm.<\/strong><\/p>\n<p style=\"padding-left: 60px;\"><strong>Reproducci\u00f3n facs\u00edmil de la edici\u00f3n de: San Francisco Javier : [Impr. de la Reducci\u00f3n Jesuita], 1727.<\/strong><\/p>\n<\/div>\n<\/div><\/div><div id=\"panel-615-0-0-1\" class=\"so-panel widget widget_nav_menu panel-last-child\" data-index=\"1\" ><div class=\"panel-widget-style panel-widget-style-for-615-0-0-1\" ><h3 class=\"widget-title\">Categorias<\/h3><div class=\"menu-categorias-container\"><ul id=\"menu-categorias\" class=\"menu\"><li id=\"menu-item-348\" class=\"menu-item menu-item-type-post_type menu-item-object-page menu-item-348\"><a href=\"https:\/\/hazlosemejante.usal.edu.ar\/?page_id=53\">Documentos para la literatura argentina<\/a><\/li>\n<li id=\"menu-item-629\" class=\"menu-item menu-item-type-post_type menu-item-object-page menu-item-629\"><a href=\"https:\/\/hazlosemejante.usal.edu.ar\/?page_id=443\">Documentos para la \u00e9poca colonial americana<\/a><\/li>\n<\/ul><\/div><\/div><\/div><\/div><div id=\"pgc-615-0-1\"  class=\"panel-grid-cell\" ><div id=\"panel-615-0-1-0\" class=\"so-panel widget widget_sow-hero panel-first-child panel-last-child\" data-index=\"2\" ><div class=\"panel-widget-style panel-widget-style-for-615-0-1-0\" ><div\n\t\t\t\n\t\t\tclass=\"so-widget-sow-hero so-widget-sow-hero-default-6a096a46df53-615\"\n\t\t\t\n\t\t>\t\t\t\t<div class=\"sow-slider-base\" style=\"display: none\">\n\t\t\t\t\t<ul\n\t\t\t\t\tclass=\"sow-slider-images\"\n\t\t\t\t\tdata-settings=\"{&quot;pagination&quot;:true,&quot;speed&quot;:800,&quot;timeout&quot;:8000,&quot;paused&quot;:false,&quot;pause_on_hover&quot;:false,&quot;swipe&quot;:false,&quot;nav_always_show_desktop&quot;:&quot;&quot;,&quot;nav_always_show_mobile&quot;:&quot;&quot;,&quot;breakpoint&quot;:&quot;780px&quot;,&quot;unmute&quot;:false,&quot;anchor&quot;:null}\"\n\t\t\t\t\t\t\t\t\t\tdata-anchor-id=\"\"\n\t\t\t\t>\t\t<li class=\"sow-slider-image  sow-slider-image-cover\" style=\"visibility: visible;;background-color: #333333;background-image: url(https:\/\/hazlosemejante.usal.edu.ar\/wp-content\/uploads\/2017\/08\/24.jpg);cursor: pointer;\" data-url=\"{&quot;url&quot;:&quot;http:\\\/\\\/hazlosemejante.usal.edu.ar\\\/wp-content\\\/uploads\\\/2017\\\/08\\\/24.jpg&quot;,&quot;new_window&quot;:true}\" >\n\t\t\t\t\t<div class=\"sow-slider-image-container\">\n\t\t\t<div class=\"sow-slider-image-wrapper\">\n\t\t\t\t\t\t\t<\/div>\n\t\t<\/div>\n\t\t\t\t<\/li>\n\t\t\t\t<li class=\"sow-slider-image  sow-slider-image-cover\" style=\"visibility: hidden;;background-color: #333333;background-image: url(https:\/\/hazlosemejante.usal.edu.ar\/wp-content\/uploads\/2017\/08\/25a.jpg);cursor: pointer;\" data-url=\"{&quot;url&quot;:&quot;http:\\\/\\\/hazlosemejante.usal.edu.ar\\\/wp-content\\\/uploads\\\/2017\\\/08\\\/25a.jpg&quot;,&quot;new_window&quot;:true}\" >\n\t\t\t\t\t<div class=\"sow-slider-image-container\">\n\t\t\t<div class=\"sow-slider-image-wrapper\">\n\t\t\t\t\t\t\t<\/div>\n\t\t<\/div>\n\t\t\t\t<\/li>\n\t\t\t\t<li class=\"sow-slider-image  sow-slider-image-cover\" style=\"visibility: hidden;;background-color: #333333;background-image: url(https:\/\/hazlosemejante.usal.edu.ar\/wp-content\/uploads\/2017\/08\/26a.jpg);cursor: pointer;\" data-url=\"{&quot;url&quot;:&quot;http:\\\/\\\/hazlosemejante.usal.edu.ar\\\/wp-content\\\/uploads\\\/2017\\\/08\\\/26a.jpg&quot;,&quot;new_window&quot;:true}\" >\n\t\t\t\t\t<div class=\"sow-slider-image-container\">\n\t\t\t<div class=\"sow-slider-image-wrapper\">\n\t\t\t\t\t\t\t<\/div>\n\t\t<\/div>\n\t\t\t\t<\/li>\n\t\t<\/ul>\t\t\t\t<ol class=\"sow-slider-pagination\">\n\t\t\t\t\t\t\t\t\t\t\t<li><a href=\"#\" data-goto=\"0\" aria-label=\"display slide 1\"><\/a><\/li>\n\t\t\t\t\t\t\t\t\t\t\t<li><a href=\"#\" data-goto=\"1\" aria-label=\"display slide 2\"><\/a><\/li>\n\t\t\t\t\t\t\t\t\t\t\t<li><a href=\"#\" data-goto=\"2\" aria-label=\"display slide 3\"><\/a><\/li>\n\t\t\t\t\t\t\t\t\t<\/ol>\n\n\t\t\t\t<div class=\"sow-slide-nav sow-slide-nav-next\">\n\t\t\t\t\t<a href=\"#\" data-goto=\"next\" aria-label=\"next slide\" data-action=\"next\">\n\t\t\t\t\t\t<em class=\"sow-sld-icon-thick-rounded-right\"><\/em>\n\t\t\t\t\t<\/a>\n\t\t\t\t<\/div>\n\n\t\t\t\t<div class=\"sow-slide-nav sow-slide-nav-prev\">\n\t\t\t\t\t<a href=\"#\" data-goto=\"previous\" aria-label=\"previous slide\" data-action=\"prev\">\n\t\t\t\t\t\t<em class=\"sow-sld-icon-thick-rounded-left\"><\/em>\n\t\t\t\t\t<\/a>\n\t\t\t\t<\/div>\n\t\t\t\t<\/div><\/div><\/div><\/div><\/div><\/div><\/div><\/div>","protected":false},"excerpt":{"rendered":"<p>Documento de gran valor, pues completa las voces europeas sobre la evangelizaci\u00f3n jesu\u00edtica, postul\u00e1ndose como la mirada local sobre el tema. En efecto, estamos frente a la reproducci\u00f3n facsimilar de la edici\u00f3n pr\u00edncipe del a\u00f1o 1727 de esta obra compuesta por el Cacique Nicol\u00e1s Yapuguay, que adem\u00e1s de desempe\u00f1ar un cargo pol\u00edtico entre los nativos, &hellip; <\/p>\n<p class=\"link-more\"><a href=\"https:\/\/hazlosemejante.usal.edu.ar\/?page_id=615\" class=\"more-link\">Continue reading<span class=\"screen-reader-text\"> &#8220;Sermones y exemplos en lengua guaran\u00ed&#8221;<\/span><\/a><\/p>\n","protected":false},"author":2,"featured_media":0,"parent":443,"menu_order":31,"comment_status":"closed","ping_status":"closed","template":"","meta":[],"_links":{"self":[{"href":"https:\/\/hazlosemejante.usal.edu.ar\/index.php?rest_route=\/wp\/v2\/pages\/615"}],"collection":[{"href":"https:\/\/hazlosemejante.usal.edu.ar\/index.php?rest_route=\/wp\/v2\/pages"}],"about":[{"href":"https:\/\/hazlosemejante.usal.edu.ar\/index.php?rest_route=\/wp\/v2\/types\/page"}],"author":[{"embeddable":true,"href":"https:\/\/hazlosemejante.usal.edu.ar\/index.php?rest_route=\/wp\/v2\/users\/2"}],"replies":[{"embeddable":true,"href":"https:\/\/hazlosemejante.usal.edu.ar\/index.php?rest_route=%2Fwp%2Fv2%2Fcomments&post=615"}],"version-history":[{"count":4,"href":"https:\/\/hazlosemejante.usal.edu.ar\/index.php?rest_route=\/wp\/v2\/pages\/615\/revisions"}],"predecessor-version":[{"id":622,"href":"https:\/\/hazlosemejante.usal.edu.ar\/index.php?rest_route=\/wp\/v2\/pages\/615\/revisions\/622"}],"up":[{"embeddable":true,"href":"https:\/\/hazlosemejante.usal.edu.ar\/index.php?rest_route=\/wp\/v2\/pages\/443"}],"wp:attachment":[{"href":"https:\/\/hazlosemejante.usal.edu.ar\/index.php?rest_route=%2Fwp%2Fv2%2Fmedia&parent=615"}],"curies":[{"name":"wp","href":"https:\/\/api.w.org\/{rel}","templated":true}]}}