{"id":583,"date":"2017-08-01T22:35:17","date_gmt":"2017-08-02T01:35:17","guid":{"rendered":"http:\/\/hazlosemejante.usal.edu.ar\/?page_id=583"},"modified":"2023-05-03T13:57:24","modified_gmt":"2023-05-03T16:57:24","slug":"manifiesto-del-contador-mayor-del-tribunal-de-cuentas-de-buenos-aires-y-ministro-tesorero-de-las-reales-cajas-de-potosi-de-la-plata-extraida-del-cerro-potosi-1556-1800","status":"publish","type":"page","link":"https:\/\/hazlosemejante.usal.edu.ar\/?page_id=583","title":{"rendered":"Manifiesto [del Contador Mayor del Tribunal de Cuentas de Buenos Aires y Ministro Tesorero de las Reales Cajas de Potosi] de la plata extraida del Cerro Potos\u00ed (1556-1800)"},"content":{"rendered":"<div id=\"pl-583\"  class=\"panel-layout\" ><div id=\"pg-583-0\"  class=\"panel-grid panel-has-style\" ><div class=\"siteorigin-panels-stretch panel-row-style panel-row-style-for-583-0\" data-stretch-type=\"full-stretched\" ><div id=\"pgc-583-0-0\"  class=\"panel-grid-cell\" ><div id=\"panel-583-0-0-0\" class=\"so-panel widget widget_sow-editor panel-first-child\" data-index=\"0\" ><div\n\t\t\t\n\t\t\tclass=\"so-widget-sow-editor so-widget-sow-editor-base\"\n\t\t\t\n\t\t><h3 class=\"widget-title\">Manifiesto [del Contador Mayor del Tribunal de Cuentas de Buenos Aires y Ministro Tesorero de las Reales Cajas de Potosi] de la plata extraida del Cerro Potos\u00ed (1556-1800) <\/h3>\n<div class=\"siteorigin-widget-tinymce textwidget\">\n\t<p style=\"text-align: justify; padding-left: 60px;\"><em>Nos encontramos aqu\u00ed frente a la reproducci\u00f3n facsimilar de 1971 de un minucioso trabajo contable en torno a la explotaci\u00f3n minera del cerro de Potos\u00ed. El inventario en que figuran los pormenores de la extracci\u00f3n fue elaborado en 1802 por Lamberto de Sierra, Contador Mayor honorario del Tribunal de Cuentas de Buenos Aires y Ministro Tesorero de las Reales Cajas de Potos\u00ed, que registra los derechos reales cobrados sobre la producci\u00f3n del \u201cCerro Rico\u201d, desde el 1556 hasta el 1800, es decir, durante 245 a\u00f1os. Los Reyes Cat\u00f3licos por Real C\u00e9dula dictada en 1504, dispusieron que las minas fueran de propiedad com\u00fan y que el Estado autorizaba la explotaci\u00f3n si le pagaba a la Corona la quinta parte de los metales extra\u00eddos, al mismo tiempo que se le estampaba el sello real a los mismos. A pesar de esta disposici\u00f3n, gran cantidad de oro y plata elud\u00eda el pago real, considerando el autor que los derechos percibidos eran inferiores al monto de los metales sustra\u00eddos. <\/em><\/p>\n<p style=\"padding-left: 60px;\"><strong>Sierra, Lamberto de<\/strong><\/p>\n<p style=\"padding-left: 60px;\"><strong>Manifiesto [del Contador Mayor del Tribunal de Cuentas de Buenos Aires y Ministro Tesorero de las Reales Cajas de Potosi] de la plata extraida del Cerro Potos\u00ed (1556-1800) \/ D. Lamberto de Sierra; pr\u00f3logo por el Acad\u00e9mico de N\u00famero Humberto F. Burzio. \u2014 Ed. facs\u00edm. \u2014 Buenos Aires : Academia Nacional de la Historia, 1971. \u2014 56 p. : il. ; 23 cm. \u2014 (Biblioteca de publicaciones documentales ; 8)<\/strong><\/p>\n<p style=\"padding-left: 60px;\"><strong>Reproducci\u00f3n facs\u00edmil de los manuscritos de Lamberto Sierra del a\u00f1o 1802.<\/strong><\/p>\n<\/div>\n<\/div><\/div><div id=\"panel-583-0-0-1\" class=\"so-panel widget widget_nav_menu panel-last-child\" data-index=\"1\" ><div class=\"panel-widget-style panel-widget-style-for-583-0-0-1\" ><h3 class=\"widget-title\">Categorias<\/h3><div class=\"menu-categorias-container\"><ul id=\"menu-categorias\" class=\"menu\"><li id=\"menu-item-348\" class=\"menu-item menu-item-type-post_type menu-item-object-page menu-item-348\"><a href=\"https:\/\/hazlosemejante.usal.edu.ar\/?page_id=53\">Documentos para la literatura argentina<\/a><\/li>\n<li id=\"menu-item-629\" class=\"menu-item menu-item-type-post_type menu-item-object-page menu-item-629\"><a href=\"https:\/\/hazlosemejante.usal.edu.ar\/?page_id=443\">Documentos para la \u00e9poca colonial americana<\/a><\/li>\n<\/ul><\/div><\/div><\/div><\/div><div id=\"pgc-583-0-1\"  class=\"panel-grid-cell\" ><div id=\"panel-583-0-1-0\" class=\"so-panel widget widget_sow-hero panel-first-child panel-last-child\" data-index=\"2\" ><div class=\"panel-widget-style panel-widget-style-for-583-0-1-0\" ><div\n\t\t\t\n\t\t\tclass=\"so-widget-sow-hero so-widget-sow-hero-default-6a096a46df53-583\"\n\t\t\t\n\t\t>\t\t\t\t<div class=\"sow-slider-base\" style=\"display: none\">\n\t\t\t\t\t<ul\n\t\t\t\t\tclass=\"sow-slider-images\"\n\t\t\t\t\tdata-settings=\"{&quot;pagination&quot;:true,&quot;speed&quot;:800,&quot;timeout&quot;:8000,&quot;paused&quot;:false,&quot;pause_on_hover&quot;:false,&quot;swipe&quot;:false,&quot;nav_always_show_desktop&quot;:&quot;&quot;,&quot;nav_always_show_mobile&quot;:&quot;&quot;,&quot;breakpoint&quot;:&quot;780px&quot;,&quot;unmute&quot;:false,&quot;anchor&quot;:null}\"\n\t\t\t\t\t\t\t\t\t\tdata-anchor-id=\"\"\n\t\t\t\t>\t\t<li class=\"sow-slider-image  sow-slider-image-cover\" style=\"visibility: visible;;background-color: #333333;background-image: url(https:\/\/hazlosemejante.usal.edu.ar\/wp-content\/uploads\/2017\/08\/32.jpg);cursor: pointer;\" data-url=\"{&quot;url&quot;:&quot;http:\\\/\\\/hazlosemejante.usal.edu.ar\\\/wp-content\\\/uploads\\\/2017\\\/08\\\/32.jpg&quot;,&quot;new_window&quot;:true}\" >\n\t\t\t\t\t<div class=\"sow-slider-image-container\">\n\t\t\t<div class=\"sow-slider-image-wrapper\">\n\t\t\t\t\t\t\t<\/div>\n\t\t<\/div>\n\t\t\t\t<\/li>\n\t\t\t\t<li class=\"sow-slider-image  sow-slider-image-cover\" style=\"visibility: hidden;;background-color: #333333;background-image: url(https:\/\/hazlosemejante.usal.edu.ar\/wp-content\/uploads\/2017\/08\/33.jpg);cursor: pointer;\" data-url=\"{&quot;url&quot;:&quot;http:\\\/\\\/hazlosemejante.usal.edu.ar\\\/wp-content\\\/uploads\\\/2017\\\/08\\\/33.jpg&quot;,&quot;new_window&quot;:true}\" >\n\t\t\t\t\t<div class=\"sow-slider-image-container\">\n\t\t\t<div class=\"sow-slider-image-wrapper\">\n\t\t\t\t\t\t\t<\/div>\n\t\t<\/div>\n\t\t\t\t<\/li>\n\t\t\t\t<li class=\"sow-slider-image  sow-slider-image-cover\" style=\"visibility: hidden;;background-color: #333333;background-image: url(https:\/\/hazlosemejante.usal.edu.ar\/wp-content\/uploads\/2017\/08\/34.jpg);cursor: pointer;\" data-url=\"{&quot;url&quot;:&quot;http:\\\/\\\/hazlosemejante.usal.edu.ar\\\/wp-content\\\/uploads\\\/2017\\\/08\\\/34.jpg&quot;,&quot;new_window&quot;:true}\" >\n\t\t\t\t\t<div class=\"sow-slider-image-container\">\n\t\t\t<div class=\"sow-slider-image-wrapper\">\n\t\t\t\t\t\t\t<\/div>\n\t\t<\/div>\n\t\t\t\t<\/li>\n\t\t\t\t<li class=\"sow-slider-image  sow-slider-image-cover\" style=\"visibility: hidden;;background-color: #333333;background-image: url(https:\/\/hazlosemejante.usal.edu.ar\/wp-content\/uploads\/2017\/08\/35.jpg);cursor: pointer;\" data-url=\"{&quot;url&quot;:&quot;http:\\\/\\\/hazlosemejante.usal.edu.ar\\\/wp-content\\\/uploads\\\/2017\\\/08\\\/35.jpg&quot;,&quot;new_window&quot;:true}\" >\n\t\t\t\t\t<div class=\"sow-slider-image-container\">\n\t\t\t<div class=\"sow-slider-image-wrapper\">\n\t\t\t\t\t\t\t<\/div>\n\t\t<\/div>\n\t\t\t\t<\/li>\n\t\t\t\t<li class=\"sow-slider-image  sow-slider-image-cover\" style=\"visibility: hidden;;background-color: #333333;background-image: url(https:\/\/hazlosemejante.usal.edu.ar\/wp-content\/uploads\/2017\/08\/36.jpg);cursor: pointer;\" data-url=\"{&quot;url&quot;:&quot;http:\\\/\\\/hazlosemejante.usal.edu.ar\\\/wp-content\\\/uploads\\\/2017\\\/08\\\/36.jpg&quot;,&quot;new_window&quot;:true}\" >\n\t\t\t\t\t<div class=\"sow-slider-image-container\">\n\t\t\t<div class=\"sow-slider-image-wrapper\">\n\t\t\t\t\t\t\t<\/div>\n\t\t<\/div>\n\t\t\t\t<\/li>\n\t\t<\/ul>\t\t\t\t<ol class=\"sow-slider-pagination\">\n\t\t\t\t\t\t\t\t\t\t\t<li><a href=\"#\" data-goto=\"0\" aria-label=\"display slide 1\"><\/a><\/li>\n\t\t\t\t\t\t\t\t\t\t\t<li><a href=\"#\" data-goto=\"1\" aria-label=\"display slide 2\"><\/a><\/li>\n\t\t\t\t\t\t\t\t\t\t\t<li><a href=\"#\" data-goto=\"2\" aria-label=\"display slide 3\"><\/a><\/li>\n\t\t\t\t\t\t\t\t\t\t\t<li><a href=\"#\" data-goto=\"3\" aria-label=\"display slide 4\"><\/a><\/li>\n\t\t\t\t\t\t\t\t\t\t\t<li><a href=\"#\" data-goto=\"4\" aria-label=\"display slide 5\"><\/a><\/li>\n\t\t\t\t\t\t\t\t\t<\/ol>\n\n\t\t\t\t<div class=\"sow-slide-nav sow-slide-nav-next\">\n\t\t\t\t\t<a href=\"#\" data-goto=\"next\" aria-label=\"next slide\" data-action=\"next\">\n\t\t\t\t\t\t<em class=\"sow-sld-icon-thick-rounded-right\"><\/em>\n\t\t\t\t\t<\/a>\n\t\t\t\t<\/div>\n\n\t\t\t\t<div class=\"sow-slide-nav sow-slide-nav-prev\">\n\t\t\t\t\t<a href=\"#\" data-goto=\"previous\" aria-label=\"previous slide\" data-action=\"prev\">\n\t\t\t\t\t\t<em class=\"sow-sld-icon-thick-rounded-left\"><\/em>\n\t\t\t\t\t<\/a>\n\t\t\t\t<\/div>\n\t\t\t\t<\/div><\/div><\/div><\/div><\/div><\/div><\/div><\/div>","protected":false},"excerpt":{"rendered":"<p>Nos encontramos aqu\u00ed frente a la reproducci\u00f3n facsimilar de 1971 de un minucioso trabajo contable en torno a la explotaci\u00f3n minera del cerro de Potos\u00ed. El inventario en que figuran los pormenores de la extracci\u00f3n fue elaborado en 1802 por Lamberto de Sierra, Contador Mayor honorario del Tribunal de Cuentas de Buenos Aires y Ministro &hellip; <\/p>\n<p class=\"link-more\"><a href=\"https:\/\/hazlosemejante.usal.edu.ar\/?page_id=583\" class=\"more-link\">Continue reading<span class=\"screen-reader-text\"> &#8220;Manifiesto [del Contador Mayor del Tribunal de Cuentas de Buenos Aires y Ministro Tesorero de las Reales Cajas de Potosi] de la plata extraida del Cerro Potos\u00ed (1556-1800)&#8221;<\/span><\/a><\/p>\n","protected":false},"author":2,"featured_media":0,"parent":443,"menu_order":28,"comment_status":"closed","ping_status":"closed","template":"","meta":[],"_links":{"self":[{"href":"https:\/\/hazlosemejante.usal.edu.ar\/index.php?rest_route=\/wp\/v2\/pages\/583"}],"collection":[{"href":"https:\/\/hazlosemejante.usal.edu.ar\/index.php?rest_route=\/wp\/v2\/pages"}],"about":[{"href":"https:\/\/hazlosemejante.usal.edu.ar\/index.php?rest_route=\/wp\/v2\/types\/page"}],"author":[{"embeddable":true,"href":"https:\/\/hazlosemejante.usal.edu.ar\/index.php?rest_route=\/wp\/v2\/users\/2"}],"replies":[{"embeddable":true,"href":"https:\/\/hazlosemejante.usal.edu.ar\/index.php?rest_route=%2Fwp%2Fv2%2Fcomments&post=583"}],"version-history":[{"count":4,"href":"https:\/\/hazlosemejante.usal.edu.ar\/index.php?rest_route=\/wp\/v2\/pages\/583\/revisions"}],"predecessor-version":[{"id":596,"href":"https:\/\/hazlosemejante.usal.edu.ar\/index.php?rest_route=\/wp\/v2\/pages\/583\/revisions\/596"}],"up":[{"embeddable":true,"href":"https:\/\/hazlosemejante.usal.edu.ar\/index.php?rest_route=\/wp\/v2\/pages\/443"}],"wp:attachment":[{"href":"https:\/\/hazlosemejante.usal.edu.ar\/index.php?rest_route=%2Fwp%2Fv2%2Fmedia&parent=583"}],"curies":[{"name":"wp","href":"https:\/\/api.w.org\/{rel}","templated":true}]}}