{"id":528,"date":"2017-08-01T21:58:14","date_gmt":"2017-08-02T00:58:14","guid":{"rendered":"http:\/\/hazlosemejante.usal.edu.ar\/?page_id=528"},"modified":"2023-05-03T13:57:24","modified_gmt":"2023-05-03T16:57:24","slug":"arauco-domado","status":"publish","type":"page","link":"https:\/\/hazlosemejante.usal.edu.ar\/?page_id=528","title":{"rendered":"Arauco domado"},"content":{"rendered":"<div id=\"pl-528\"  class=\"panel-layout\" ><div id=\"pg-528-0\"  class=\"panel-grid panel-has-style\" ><div class=\"siteorigin-panels-stretch panel-row-style panel-row-style-for-528-0\" data-stretch-type=\"full-stretched\" ><div id=\"pgc-528-0-0\"  class=\"panel-grid-cell\" ><div id=\"panel-528-0-0-0\" class=\"so-panel widget widget_sow-editor panel-first-child\" data-index=\"0\" ><div\n\t\t\t\n\t\t\tclass=\"so-widget-sow-editor so-widget-sow-editor-base\"\n\t\t\t\n\t\t><h3 class=\"widget-title\">Arauco domado <\/h3>\n<div class=\"siteorigin-widget-tinymce textwidget\">\n\t<p style=\"text-align: justify; padding-left: 60px;\"><em>Esta obra reviste la particularidad de ser una composici\u00f3n po\u00e9tica de car\u00e1cter \u00e9pico nacida de pluma chilena \u2013primer autor de dicha naci\u00f3n del que se tiene registro- e impresa en Lima en 1596. Si bien los sucesos aqu\u00ed narrados tienen que ver con la batalla entre el pueblo mapuche y el ej\u00e9rcito real, el estilo del relato se emparenta con producciones europeas e incluso cl\u00e1sicas, dado que abundan paisajes, dioses y ret\u00f3rica de matiz greco-romano. Existe un antecedente pr\u00f3ximo a esta pieza, el poema La Araucana (1569) de Alonso de Ercilla, quien relata el mismo conflicto armado pero omitiendo la acci\u00f3n que en ella desempe\u00f1\u00f3 el gobernador de Chile, Garc\u00eda Hurtado de Mendoza. El origen de Arauco Domado tiene que ver, precisamente, con la disconformidad del funcionario con el anterior relato, por lo cual encarga a Pedro de O\u00f1a un nuevo poema donde se realce su acci\u00f3n y figura. Por esta misma raz\u00f3n, all\u00ed se acent\u00faa la ferocidad de las costumbres y h\u00e1bitos de los araucanos, en contraste con la \u201ccivilizaci\u00f3n\u201d de los arribados espa\u00f1oles. <\/em><\/p>\n<p style=\"padding-left: 60px;\"><strong>O\u00f1a, Pedro de<\/strong><\/p>\n<p style=\"padding-left: 60px;\"><strong>Arauco domado \/ por el Licenciado Pedro de O\u00f1a del Real Colegio Mayor de San Felipe y San Marcos. \u2014 Ed. facs\u00edm. \u2014 Madrid : Cultura Hisp\u00e1nica, 1945. \u2014 335 p. : il. ; 27 cm. \u2014 (Colecci\u00f3n de incunables americanos ; 11)<\/strong><\/p>\n<p style=\"padding-left: 60px;\"><strong>Reproducci\u00f3n facs\u00edmil de la edici\u00f3n de: Lima : Antonio Ricardo de Tur\u00edn, 1596.<\/strong><\/p>\n<\/div>\n<\/div><\/div><div id=\"panel-528-0-0-1\" class=\"so-panel widget widget_nav_menu panel-last-child\" data-index=\"1\" ><div class=\"panel-widget-style panel-widget-style-for-528-0-0-1\" ><h3 class=\"widget-title\">Categorias<\/h3><div class=\"menu-categorias-container\"><ul id=\"menu-categorias\" class=\"menu\"><li id=\"menu-item-348\" class=\"menu-item menu-item-type-post_type menu-item-object-page menu-item-348\"><a href=\"https:\/\/hazlosemejante.usal.edu.ar\/?page_id=53\">Documentos para la literatura argentina<\/a><\/li>\n<li id=\"menu-item-629\" class=\"menu-item menu-item-type-post_type menu-item-object-page menu-item-629\"><a href=\"https:\/\/hazlosemejante.usal.edu.ar\/?page_id=443\">Documentos para la \u00e9poca colonial americana<\/a><\/li>\n<\/ul><\/div><\/div><\/div><\/div><div id=\"pgc-528-0-1\"  class=\"panel-grid-cell\" ><div id=\"panel-528-0-1-0\" class=\"so-panel widget widget_sow-hero panel-first-child panel-last-child\" data-index=\"2\" ><div class=\"panel-widget-style panel-widget-style-for-528-0-1-0\" ><div\n\t\t\t\n\t\t\tclass=\"so-widget-sow-hero so-widget-sow-hero-default-6a096a46df53-528\"\n\t\t\t\n\t\t>\t\t\t\t<div class=\"sow-slider-base\" style=\"display: none\">\n\t\t\t\t\t<ul\n\t\t\t\t\tclass=\"sow-slider-images\"\n\t\t\t\t\tdata-settings=\"{&quot;pagination&quot;:true,&quot;speed&quot;:800,&quot;timeout&quot;:8000,&quot;paused&quot;:false,&quot;pause_on_hover&quot;:false,&quot;swipe&quot;:false,&quot;nav_always_show_desktop&quot;:&quot;&quot;,&quot;nav_always_show_mobile&quot;:&quot;&quot;,&quot;breakpoint&quot;:&quot;780px&quot;,&quot;unmute&quot;:false,&quot;anchor&quot;:null}\"\n\t\t\t\t\t\t\t\t\t\tdata-anchor-id=\"\"\n\t\t\t\t>\t\t<li class=\"sow-slider-image  sow-slider-image-cover\" style=\"visibility: visible;;background-color: #333333;background-image: url(https:\/\/hazlosemejante.usal.edu.ar\/wp-content\/uploads\/2017\/08\/40.jpg);cursor: pointer;\" data-url=\"{&quot;url&quot;:&quot;http:\\\/\\\/hazlosemejante.usal.edu.ar\\\/wp-content\\\/uploads\\\/2017\\\/08\\\/40.jpg&quot;,&quot;new_window&quot;:true}\" >\n\t\t\t\t\t<div class=\"sow-slider-image-container\">\n\t\t\t<div class=\"sow-slider-image-wrapper\">\n\t\t\t\t\t\t\t<\/div>\n\t\t<\/div>\n\t\t\t\t<\/li>\n\t\t\t\t<li class=\"sow-slider-image  sow-slider-image-cover\" style=\"visibility: hidden;;background-color: #333333;background-image: url(https:\/\/hazlosemejante.usal.edu.ar\/wp-content\/uploads\/2017\/08\/41.jpg);cursor: pointer;\" data-url=\"{&quot;url&quot;:&quot;http:\\\/\\\/hazlosemejante.usal.edu.ar\\\/wp-content\\\/uploads\\\/2017\\\/08\\\/41.jpg&quot;,&quot;new_window&quot;:true}\" >\n\t\t\t\t\t<div class=\"sow-slider-image-container\">\n\t\t\t<div class=\"sow-slider-image-wrapper\">\n\t\t\t\t\t\t\t<\/div>\n\t\t<\/div>\n\t\t\t\t<\/li>\n\t\t\t\t<li class=\"sow-slider-image  sow-slider-image-cover\" style=\"visibility: hidden;;background-color: #333333;background-image: url(https:\/\/hazlosemejante.usal.edu.ar\/wp-content\/uploads\/2017\/08\/42.jpg);cursor: pointer;\" data-url=\"{&quot;url&quot;:&quot;http:\\\/\\\/hazlosemejante.usal.edu.ar\\\/wp-content\\\/uploads\\\/2017\\\/08\\\/42.jpg&quot;,&quot;new_window&quot;:true}\" >\n\t\t\t\t\t<div class=\"sow-slider-image-container\">\n\t\t\t<div class=\"sow-slider-image-wrapper\">\n\t\t\t\t\t\t\t<\/div>\n\t\t<\/div>\n\t\t\t\t<\/li>\n\t\t\t\t<li class=\"sow-slider-image  sow-slider-image-cover\" style=\"visibility: hidden;;background-color: #333333;background-image: url(https:\/\/hazlosemejante.usal.edu.ar\/wp-content\/uploads\/2017\/08\/43.jpg);cursor: pointer;\" data-url=\"{&quot;url&quot;:&quot;http:\\\/\\\/hazlosemejante.usal.edu.ar\\\/wp-content\\\/uploads\\\/2017\\\/08\\\/43.jpg&quot;,&quot;new_window&quot;:true}\" >\n\t\t\t\t\t<div class=\"sow-slider-image-container\">\n\t\t\t<div class=\"sow-slider-image-wrapper\">\n\t\t\t\t\t\t\t<\/div>\n\t\t<\/div>\n\t\t\t\t<\/li>\n\t\t<\/ul>\t\t\t\t<ol class=\"sow-slider-pagination\">\n\t\t\t\t\t\t\t\t\t\t\t<li><a href=\"#\" data-goto=\"0\" aria-label=\"display slide 1\"><\/a><\/li>\n\t\t\t\t\t\t\t\t\t\t\t<li><a href=\"#\" data-goto=\"1\" aria-label=\"display slide 2\"><\/a><\/li>\n\t\t\t\t\t\t\t\t\t\t\t<li><a href=\"#\" data-goto=\"2\" aria-label=\"display slide 3\"><\/a><\/li>\n\t\t\t\t\t\t\t\t\t\t\t<li><a href=\"#\" data-goto=\"3\" aria-label=\"display slide 4\"><\/a><\/li>\n\t\t\t\t\t\t\t\t\t<\/ol>\n\n\t\t\t\t<div class=\"sow-slide-nav sow-slide-nav-next\">\n\t\t\t\t\t<a href=\"#\" data-goto=\"next\" aria-label=\"next slide\" data-action=\"next\">\n\t\t\t\t\t\t<em class=\"sow-sld-icon-thick-rounded-right\"><\/em>\n\t\t\t\t\t<\/a>\n\t\t\t\t<\/div>\n\n\t\t\t\t<div class=\"sow-slide-nav sow-slide-nav-prev\">\n\t\t\t\t\t<a href=\"#\" data-goto=\"previous\" aria-label=\"previous slide\" data-action=\"prev\">\n\t\t\t\t\t\t<em class=\"sow-sld-icon-thick-rounded-left\"><\/em>\n\t\t\t\t\t<\/a>\n\t\t\t\t<\/div>\n\t\t\t\t<\/div><\/div><\/div><\/div><\/div><\/div><\/div><\/div>","protected":false},"excerpt":{"rendered":"<p>Esta obra reviste la particularidad de ser una composici\u00f3n po\u00e9tica de car\u00e1cter \u00e9pico nacida de pluma chilena \u2013primer autor de dicha naci\u00f3n del que se tiene registro- e impresa en Lima en 1596. Si bien los sucesos aqu\u00ed narrados tienen que ver con la batalla entre el pueblo mapuche y el ej\u00e9rcito real, el estilo &hellip; <\/p>\n<p class=\"link-more\"><a href=\"https:\/\/hazlosemejante.usal.edu.ar\/?page_id=528\" class=\"more-link\">Continue reading<span class=\"screen-reader-text\"> &#8220;Arauco domado&#8221;<\/span><\/a><\/p>\n","protected":false},"author":2,"featured_media":0,"parent":443,"menu_order":21,"comment_status":"closed","ping_status":"closed","template":"","meta":[],"_links":{"self":[{"href":"https:\/\/hazlosemejante.usal.edu.ar\/index.php?rest_route=\/wp\/v2\/pages\/528"}],"collection":[{"href":"https:\/\/hazlosemejante.usal.edu.ar\/index.php?rest_route=\/wp\/v2\/pages"}],"about":[{"href":"https:\/\/hazlosemejante.usal.edu.ar\/index.php?rest_route=\/wp\/v2\/types\/page"}],"author":[{"embeddable":true,"href":"https:\/\/hazlosemejante.usal.edu.ar\/index.php?rest_route=\/wp\/v2\/users\/2"}],"replies":[{"embeddable":true,"href":"https:\/\/hazlosemejante.usal.edu.ar\/index.php?rest_route=%2Fwp%2Fv2%2Fcomments&post=528"}],"version-history":[{"count":4,"href":"https:\/\/hazlosemejante.usal.edu.ar\/index.php?rest_route=\/wp\/v2\/pages\/528\/revisions"}],"predecessor-version":[{"id":536,"href":"https:\/\/hazlosemejante.usal.edu.ar\/index.php?rest_route=\/wp\/v2\/pages\/528\/revisions\/536"}],"up":[{"embeddable":true,"href":"https:\/\/hazlosemejante.usal.edu.ar\/index.php?rest_route=\/wp\/v2\/pages\/443"}],"wp:attachment":[{"href":"https:\/\/hazlosemejante.usal.edu.ar\/index.php?rest_route=%2Fwp%2Fv2%2Fmedia&parent=528"}],"curies":[{"name":"wp","href":"https:\/\/api.w.org\/{rel}","templated":true}]}}