{"id":520,"date":"2017-08-01T21:53:21","date_gmt":"2017-08-02T00:53:21","guid":{"rendered":"http:\/\/hazlosemejante.usal.edu.ar\/?page_id=520"},"modified":"2023-05-03T13:57:24","modified_gmt":"2023-05-03T16:57:24","slug":"de-la-diferencia-entre-lo-temporal-y-eterno-crisol-de-desenganos-con-la-memoria-de-la-eternidad-postrimerias-humanas-principales-misterios-divinos","status":"publish","type":"page","link":"https:\/\/hazlosemejante.usal.edu.ar\/?page_id=520","title":{"rendered":"De la diferencia entre lo temporal y eterno, crisol de desenga\u00f1os, con la memoria de la eternidad, postrimer\u00edas humanas, principales misterios divinos"},"content":{"rendered":"<div id=\"pl-520\"  class=\"panel-layout\" ><div id=\"pg-520-0\"  class=\"panel-grid panel-has-style\" ><div class=\"siteorigin-panels-stretch panel-row-style panel-row-style-for-520-0\" data-stretch-type=\"full-stretched\" ><div id=\"pgc-520-0-0\"  class=\"panel-grid-cell\" ><div id=\"panel-520-0-0-0\" class=\"so-panel widget widget_sow-editor panel-first-child\" data-index=\"0\" ><div\n\t\t\t\n\t\t\tclass=\"so-widget-sow-editor so-widget-sow-editor-base\"\n\t\t\t\n\t\t><h3 class=\"widget-title\">De la diferencia entre lo temporal y eterno, crisol de desenga\u00f1os, con la memoria de la eternidad, postrimer\u00edas humanas, principales misterios divinos <\/h3>\n<div class=\"siteorigin-widget-tinymce textwidget\">\n\t<p style=\"text-align: justify; padding-left: 60px;\"><em>Una preceptiva concreta para llevar a cabo una vida de \u201cbuen cristiano\u201d suele ser el acompa\u00f1amiento fundamental de dogmas y doctrinas m\u00e1s abstractas. Esta obra de Nieremberg viene a cubrir esa brecha entre la teor\u00eda y la realizaci\u00f3n concreta de acciones tendientes al seguimiento de la Fe. De hecho, no son pocos los estudiosos que han asociado la Diferencia\u2026 con los Ejercicios Espirituales de San Ignacio de Loyola. \u00a0En lo concerniente a la evangelizaci\u00f3n, este tipo de obra adquiere aun mayor relevancia por su valor como herramienta pastoral. De hecho, no es casual que este libro se haya utilizado en el contexto de las misiones jesu\u00edticas con los guaran\u00edes \u2013edici\u00f3n de 1705 de la cual esta reproducci\u00f3n facsimilar es copia-. El contenido fundamental que aqu\u00ed se expresa viene a traslucir que para alcanzar una vida espiritual no es necesario despreciar las cosas de la Tierra, sino ponerlas en funci\u00f3n de abrazar lo trascendente. Para el hombre devoto, lo terrenal debe ser un medio para alcanzar el objetivo m\u00e1s alto: la contemplaci\u00f3n de Dios. <\/em><\/p>\n<p style=\"padding-left: 60px;\"><strong>Nieremberg, Juan Eusebio<\/strong><\/p>\n<p style=\"padding-left: 60px;\"><strong>De la diferencia entre lo temporal y eterno, crisol de desenga\u00f1os, con la memoria de la eternidad, postrimer\u00edas humanas, principales misterios divinos \/ Juan Eusebio Nieremberg ;\u00a0 traducido en lengua guaran\u00ed por el padre Joseph Serrano. \u2014 Ed. facs\u00edm. \/ Alfredo Castro. \u2014 Buenos Aires : [s.n.], 1967. \u2014 68 p. : il. ; 29 cm.<\/strong><\/p>\n<p style=\"padding-left: 60px;\"><strong>Reproducci\u00f3n facs\u00edmil de la edici\u00f3n de: Santa Mar\u00eda la Mayor : [Impr. de la Reducci\u00f3n Jesuita], 1705.<\/strong><\/p>\n<\/div>\n<\/div><\/div><div id=\"panel-520-0-0-1\" class=\"so-panel widget widget_nav_menu panel-last-child\" data-index=\"1\" ><div class=\"panel-widget-style panel-widget-style-for-520-0-0-1\" ><h3 class=\"widget-title\">Categorias<\/h3><div class=\"menu-categorias-container\"><ul id=\"menu-categorias\" class=\"menu\"><li id=\"menu-item-348\" class=\"menu-item menu-item-type-post_type menu-item-object-page menu-item-348\"><a href=\"https:\/\/hazlosemejante.usal.edu.ar\/?page_id=53\">Documentos para la literatura argentina<\/a><\/li>\n<li id=\"menu-item-629\" class=\"menu-item menu-item-type-post_type menu-item-object-page menu-item-629\"><a href=\"https:\/\/hazlosemejante.usal.edu.ar\/?page_id=443\">Documentos para la \u00e9poca colonial americana<\/a><\/li>\n<\/ul><\/div><\/div><\/div><\/div><div id=\"pgc-520-0-1\"  class=\"panel-grid-cell\" ><div id=\"panel-520-0-1-0\" class=\"so-panel widget widget_sow-hero panel-first-child panel-last-child\" data-index=\"2\" ><div class=\"panel-widget-style panel-widget-style-for-520-0-1-0\" ><div\n\t\t\t\n\t\t\tclass=\"so-widget-sow-hero so-widget-sow-hero-default-6a096a46df53-520\"\n\t\t\t\n\t\t>\t\t\t\t<div class=\"sow-slider-base\" style=\"display: none\">\n\t\t\t\t\t<ul\n\t\t\t\t\tclass=\"sow-slider-images\"\n\t\t\t\t\tdata-settings=\"{&quot;pagination&quot;:true,&quot;speed&quot;:800,&quot;timeout&quot;:8000,&quot;paused&quot;:false,&quot;pause_on_hover&quot;:false,&quot;swipe&quot;:false,&quot;nav_always_show_desktop&quot;:&quot;&quot;,&quot;nav_always_show_mobile&quot;:&quot;&quot;,&quot;breakpoint&quot;:&quot;780px&quot;,&quot;unmute&quot;:false,&quot;anchor&quot;:null}\"\n\t\t\t\t\t\t\t\t\t\tdata-anchor-id=\"\"\n\t\t\t\t>\t\t<li class=\"sow-slider-image  sow-slider-image-cover\" style=\"visibility: visible;;background-color: #333333;background-image: url(https:\/\/hazlosemejante.usal.edu.ar\/wp-content\/uploads\/2017\/08\/27a.jpg);cursor: pointer;\" data-url=\"{&quot;url&quot;:&quot;http:\\\/\\\/hazlosemejante.usal.edu.ar\\\/wp-content\\\/uploads\\\/2017\\\/08\\\/27a.jpg&quot;,&quot;new_window&quot;:true}\" >\n\t\t\t\t\t<div class=\"sow-slider-image-container\">\n\t\t\t<div class=\"sow-slider-image-wrapper\">\n\t\t\t\t\t\t\t<\/div>\n\t\t<\/div>\n\t\t\t\t<\/li>\n\t\t\t\t<li class=\"sow-slider-image  sow-slider-image-cover\" style=\"visibility: hidden;;background-color: #333333;background-image: url(https:\/\/hazlosemejante.usal.edu.ar\/wp-content\/uploads\/2017\/08\/28a.jpg);cursor: pointer;\" data-url=\"{&quot;url&quot;:&quot;http:\\\/\\\/hazlosemejante.usal.edu.ar\\\/wp-content\\\/uploads\\\/2017\\\/08\\\/28a.jpg&quot;,&quot;new_window&quot;:true}\" >\n\t\t\t\t\t<div class=\"sow-slider-image-container\">\n\t\t\t<div class=\"sow-slider-image-wrapper\">\n\t\t\t\t\t\t\t<\/div>\n\t\t<\/div>\n\t\t\t\t<\/li>\n\t\t\t\t<li class=\"sow-slider-image  sow-slider-image-cover\" style=\"visibility: hidden;;background-color: #333333;background-image: url(https:\/\/hazlosemejante.usal.edu.ar\/wp-content\/uploads\/2017\/08\/29.jpg);cursor: pointer;\" data-url=\"{&quot;url&quot;:&quot;http:\\\/\\\/hazlosemejante.usal.edu.ar\\\/wp-content\\\/uploads\\\/2017\\\/08\\\/29.jpg&quot;,&quot;new_window&quot;:true}\" >\n\t\t\t\t\t<div class=\"sow-slider-image-container\">\n\t\t\t<div class=\"sow-slider-image-wrapper\">\n\t\t\t\t\t\t\t<\/div>\n\t\t<\/div>\n\t\t\t\t<\/li>\n\t\t\t\t<li class=\"sow-slider-image  sow-slider-image-cover\" style=\"visibility: hidden;;background-color: #333333;background-image: url(https:\/\/hazlosemejante.usal.edu.ar\/wp-content\/uploads\/2017\/08\/30.jpg);cursor: pointer;\" data-url=\"{&quot;url&quot;:&quot;http:\\\/\\\/hazlosemejante.usal.edu.ar\\\/wp-content\\\/uploads\\\/2017\\\/08\\\/30.jpg&quot;,&quot;new_window&quot;:true}\" >\n\t\t\t\t\t<div class=\"sow-slider-image-container\">\n\t\t\t<div class=\"sow-slider-image-wrapper\">\n\t\t\t\t\t\t\t<\/div>\n\t\t<\/div>\n\t\t\t\t<\/li>\n\t\t\t\t<li class=\"sow-slider-image  sow-slider-image-cover\" style=\"visibility: hidden;;background-color: #333333;background-image: url(https:\/\/hazlosemejante.usal.edu.ar\/wp-content\/uploads\/2017\/08\/31.jpg);cursor: pointer;\" data-url=\"{&quot;url&quot;:&quot;http:\\\/\\\/hazlosemejante.usal.edu.ar\\\/wp-content\\\/uploads\\\/2017\\\/08\\\/31.jpg&quot;,&quot;new_window&quot;:true}\" >\n\t\t\t\t\t<div class=\"sow-slider-image-container\">\n\t\t\t<div class=\"sow-slider-image-wrapper\">\n\t\t\t\t\t\t\t<\/div>\n\t\t<\/div>\n\t\t\t\t<\/li>\n\t\t<\/ul>\t\t\t\t<ol class=\"sow-slider-pagination\">\n\t\t\t\t\t\t\t\t\t\t\t<li><a href=\"#\" data-goto=\"0\" aria-label=\"display slide 1\"><\/a><\/li>\n\t\t\t\t\t\t\t\t\t\t\t<li><a href=\"#\" data-goto=\"1\" aria-label=\"display slide 2\"><\/a><\/li>\n\t\t\t\t\t\t\t\t\t\t\t<li><a href=\"#\" data-goto=\"2\" aria-label=\"display slide 3\"><\/a><\/li>\n\t\t\t\t\t\t\t\t\t\t\t<li><a href=\"#\" data-goto=\"3\" aria-label=\"display slide 4\"><\/a><\/li>\n\t\t\t\t\t\t\t\t\t\t\t<li><a href=\"#\" data-goto=\"4\" aria-label=\"display slide 5\"><\/a><\/li>\n\t\t\t\t\t\t\t\t\t<\/ol>\n\n\t\t\t\t<div class=\"sow-slide-nav sow-slide-nav-next\">\n\t\t\t\t\t<a href=\"#\" data-goto=\"next\" aria-label=\"next slide\" data-action=\"next\">\n\t\t\t\t\t\t<em class=\"sow-sld-icon-thick-rounded-right\"><\/em>\n\t\t\t\t\t<\/a>\n\t\t\t\t<\/div>\n\n\t\t\t\t<div class=\"sow-slide-nav sow-slide-nav-prev\">\n\t\t\t\t\t<a href=\"#\" data-goto=\"previous\" aria-label=\"previous slide\" data-action=\"prev\">\n\t\t\t\t\t\t<em class=\"sow-sld-icon-thick-rounded-left\"><\/em>\n\t\t\t\t\t<\/a>\n\t\t\t\t<\/div>\n\t\t\t\t<\/div><\/div><\/div><\/div><\/div><\/div><\/div><\/div>","protected":false},"excerpt":{"rendered":"<p>Una preceptiva concreta para llevar a cabo una vida de \u201cbuen cristiano\u201d suele ser el acompa\u00f1amiento fundamental de dogmas y doctrinas m\u00e1s abstractas. Esta obra de Nieremberg viene a cubrir esa brecha entre la teor\u00eda y la realizaci\u00f3n concreta de acciones tendientes al seguimiento de la Fe. De hecho, no son pocos los estudiosos que &hellip; <\/p>\n<p class=\"link-more\"><a href=\"https:\/\/hazlosemejante.usal.edu.ar\/?page_id=520\" class=\"more-link\">Continue reading<span class=\"screen-reader-text\"> &#8220;De la diferencia entre lo temporal y eterno, crisol de desenga\u00f1os, con la memoria de la eternidad, postrimer\u00edas humanas, principales misterios divinos&#8221;<\/span><\/a><\/p>\n","protected":false},"author":2,"featured_media":0,"parent":443,"menu_order":20,"comment_status":"closed","ping_status":"closed","template":"","meta":[],"_links":{"self":[{"href":"https:\/\/hazlosemejante.usal.edu.ar\/index.php?rest_route=\/wp\/v2\/pages\/520"}],"collection":[{"href":"https:\/\/hazlosemejante.usal.edu.ar\/index.php?rest_route=\/wp\/v2\/pages"}],"about":[{"href":"https:\/\/hazlosemejante.usal.edu.ar\/index.php?rest_route=\/wp\/v2\/types\/page"}],"author":[{"embeddable":true,"href":"https:\/\/hazlosemejante.usal.edu.ar\/index.php?rest_route=\/wp\/v2\/users\/2"}],"replies":[{"embeddable":true,"href":"https:\/\/hazlosemejante.usal.edu.ar\/index.php?rest_route=%2Fwp%2Fv2%2Fcomments&post=520"}],"version-history":[{"count":2,"href":"https:\/\/hazlosemejante.usal.edu.ar\/index.php?rest_route=\/wp\/v2\/pages\/520\/revisions"}],"predecessor-version":[{"id":527,"href":"https:\/\/hazlosemejante.usal.edu.ar\/index.php?rest_route=\/wp\/v2\/pages\/520\/revisions\/527"}],"up":[{"embeddable":true,"href":"https:\/\/hazlosemejante.usal.edu.ar\/index.php?rest_route=\/wp\/v2\/pages\/443"}],"wp:attachment":[{"href":"https:\/\/hazlosemejante.usal.edu.ar\/index.php?rest_route=%2Fwp%2Fv2%2Fmedia&parent=520"}],"curies":[{"name":"wp","href":"https:\/\/api.w.org\/{rel}","templated":true}]}}