{"id":51,"date":"2017-07-27T18:36:56","date_gmt":"2017-07-27T21:36:56","guid":{"rendered":"http:\/\/hazlosemejante.usal.edu.ar\/?page_id=51"},"modified":"2017-08-02T17:42:48","modified_gmt":"2017-08-02T20:42:48","slug":"indice","status":"publish","type":"page","link":"https:\/\/hazlosemejante.usal.edu.ar\/?page_id=51","title":{"rendered":"\u00cdndice"},"content":{"rendered":"<div id=\"pl-51\"  class=\"panel-layout\" ><div id=\"pg-51-0\"  class=\"panel-grid panel-has-style\" ><div id=\"services\" class=\"panel-row-style panel-row-style-for-51-0\" ><div id=\"pgc-51-0-0\"  class=\"panel-grid-cell\" ><div id=\"panel-51-0-0-0\" class=\"so-panel widget widget_sow-editor panel-first-child panel-last-child\" data-index=\"0\" ><div\n\t\t\t\n\t\t\tclass=\"so-widget-sow-editor so-widget-sow-editor-base\"\n\t\t\t\n\t\t><h3 class=\"widget-title\">\u00cdndice General de Obras Expuestas<\/h3>\n<div class=\"siteorigin-widget-tinymce textwidget\">\n\t<p><strong>\u00cdndice de t\u00edtulos<\/strong><a href=\"#_ftn1\" name=\"_ftnref1\"><strong><sup>[1]<\/sup><\/strong><\/a><\/p>\n<p><a href=\"http:\/\/hazlosemejante.usal.edu.ar\/?page_id=528\">Arauco domado<\/a><\/p>\n<p><a href=\"http:\/\/hazlosemejante.usal.edu.ar\/?page_id=141\">Bolet\u00edn de la industria : 1821<\/a><\/p>\n<p><a href=\"http:\/\/hazlosemejante.usal.edu.ar\/?page_id=359\">Causa criminal seguida contra el ex-gobernador Juan Manuel de Rosas<\/a><\/p>\n<p><a href=\"http:\/\/hazlosemejante.usal.edu.ar\/?page_id=455\">Cedulario indiano<\/a><\/p>\n<p><a href=\"http:\/\/hazlosemejante.usal.edu.ar\/?page_id=560\">Continuatio laborum apostolicorum<\/a><\/p>\n<p><a href=\"http:\/\/hazlosemejante.usal.edu.ar\/?page_id=569\">Continuation oder fortsetzung der beschreibung, deren denckw\u00fcrdigeren Paraquarischen sachen, selbiger landschafft, v\u00f6lckern und arbeit deren sich alldort befindenden RR. Und PP. Missionariorum Soc. Jesu, Jnsonderheit aber<\/a><\/p>\n<p><a href=\"http:\/\/hazlosemejante.usal.edu.ar\/?page_id=520\">De la diferencia entre lo temporal y eterno, crisol de desenga\u00f1os, con la memoria de la eternidad, postrimer\u00edas humanas, principales misterios divinos<\/a><\/p>\n<p><a href=\"http:\/\/hazlosemejante.usal.edu.ar\/?page_id=474\">Doctrina cristiana en lengua espa\u00f1ola y mexicana<\/a><\/p>\n<p><a href=\"http:\/\/hazlosemejante.usal.edu.ar\/?page_id=493\">Ep\u00edtome de la bibliotheca oriental, y occidental, nautica, y geogr\u00e1fica<\/a><\/p>\n<p><a href=\"http:\/\/hazlosemejante.usal.edu.ar\/?page_id=352\">Fausto : impresiones del gaucho Anastasio el Pollo en la representaci\u00f3n de esta \u00f3pera<\/a><\/p>\n<p><a href=\"http:\/\/hazlosemejante.usal.edu.ar\/?page_id=383\">gaucho Mart\u00edn Fierro, El<\/a><\/p>\n<p><a href=\"http:\/\/hazlosemejante.usal.edu.ar\/?page_id=367\">Gazeta de Montevideo : volumen primero, 1810, octubre-diciembre<\/a><\/p>\n<p><a href=\"http:\/\/hazlosemejante.usal.edu.ar\/?page_id=374\">Gu\u00eda de forasteros en la Ciudad y Virreynato de Buenos Aires<\/a><\/p>\n<p><a href=\"http:\/\/hazlosemejante.usal.edu.ar\/?page_id=398\">Horacianas de Mitre<\/a><\/p>\n<p><a href=\"http:\/\/hazlosemejante.usal.edu.ar\/?page_id=605\">libro, la imprenta y el periodismo en Am\u00e9rica : durante la dominaci\u00f3n espa\u00f1ola, El<\/a><\/p>\n<p><a href=\"http:\/\/hazlosemejante.usal.edu.ar\/?page_id=583\">Manifiesto [del Contador Mayor del Tribunal de Cuentas de Buenos Aires y Ministro Tesorero de las Reales Cajas de Potosi] de la plata extraida del Cerro Potos\u00ed (1556-1800)<\/a><\/p>\n<p><a href=\"http:\/\/hazlosemejante.usal.edu.ar\/?page_id=411\">Manual de Buenos Aires 1823 : IV Centenario de la Fundaci\u00f3n de Buenos Aires<\/a><\/p>\n<p><a href=\"http:\/\/hazlosemejante.usal.edu.ar\/?page_id=597\">Monarqu\u00eda indiana<\/a><\/p>\n<p><a href=\"http:\/\/hazlosemejante.usal.edu.ar\/?page_id=502\">Ordenanzas y copilaci\u00f3n de leyes<\/a><\/p>\n<p><a href=\"http:\/\/hazlosemejante.usal.edu.ar\/?page_id=448\">Problemas y secretos maravillosos de las Indias<\/a><\/p>\n<p><a href=\"http:\/\/hazlosemejante.usal.edu.ar\/?page_id=537\">Provisiones, c\u00e9dulas, instrucciones para el gobierno de la Nueva Espa\u00f1a<\/a><\/p>\n<p><a href=\"http:\/\/hazlosemejante.usal.edu.ar\/?page_id=422\">Redactor de la Asamblea : (1813-1815), El<\/a><\/p>\n<p><a href=\"http:\/\/hazlosemejante.usal.edu.ar\/?page_id=574\">Reissbeschreibung, wie dieselbe aus Hispanien in Paraquariam kommen: Und kurtzer Bericht der denckw\u00fcrdigsten Sachen selbiger Landschafft, V\u00f6lckern und Arbeitung der sich alldort befindenten PP. Missionariorum<\/a><\/p>\n<p><a href=\"http:\/\/hazlosemejante.usal.edu.ar\/?page_id=615\">Sermones y exemplos en lengua guaran\u00ed<\/a><\/p>\n<p><a href=\"http:\/\/hazlosemejante.usal.edu.ar\/?page_id=482\">Sumario de la natural y general historia de las Indias<\/a><\/p>\n<p><a href=\"http:\/\/hazlosemejante.usal.edu.ar\/?page_id=465\">Testamento de Cristobal Col\u00f3n : otorgado en Valladolid a 19 de mayo de 1506 ante el escribano Pedro de Hinojedo<\/a><\/p>\n<p><a href=\"http:\/\/hazlosemejante.usal.edu.ar\/?page_id=427\">Torito de los muchachos 1830, El<\/a><\/p>\n<p><a href=\"http:\/\/hazlosemejante.usal.edu.ar\/?page_id=511\">Vocabulario en lengua castellana y mexicana<\/a><\/p>\n<p><a href=\"http:\/\/hazlosemejante.usal.edu.ar\/?page_id=390\">vuelta de Mart\u00edn Fierro, La<\/a><\/p>\n<p><strong>\u00cdndice de Autores<\/strong><\/p>\n<p><a href=\"http:\/\/hazlosemejante.usal.edu.ar\/?page_id=352\">Campo, Estanislao del<\/a><\/p>\n<p><a href=\"http:\/\/hazlosemejante.usal.edu.ar\/?page_id=448\">C\u00e1rdenas, Juan de<\/a><\/p>\n<p><a href=\"http:\/\/hazlosemejante.usal.edu.ar\/?page_id=465\">Col\u00f3n, Crist\u00f3bal<\/a><\/p>\n<p><a href=\"http:\/\/hazlosemejante.usal.edu.ar\/?page_id=482\">Fern\u00e1ndez de Oviedo, Gonzalo<\/a><\/p>\n<p><a href=\"http:\/\/hazlosemejante.usal.edu.ar\/?page_id=383\">Hern\u00e1ndez, Jos\u00e9 (El gaucho Mart\u00edn Fierro)<\/a><\/p>\n<p><a href=\"http:\/\/hazlosemejante.usal.edu.ar\/?page_id=390\">Hern\u00e1ndez, Jos\u00e9 (La vuelta de Mart\u00edn Fierro)<\/a><\/p>\n<p><a href=\"http:\/\/hazlosemejante.usal.edu.ar\/?page_id=493\">Le\u00f3n Pinelo, Antonio de<\/a><\/p>\n<p><a href=\"http:\/\/hazlosemejante.usal.edu.ar\/?page_id=502\">Mendoza, Antonio de<\/a><\/p>\n<p><a href=\"http:\/\/hazlosemejante.usal.edu.ar\/?page_id=511\">Molina, Alonso de<\/a><\/p>\n<p><a href=\"http:\/\/hazlosemejante.usal.edu.ar\/?page_id=520\">Nieremberg, Juan Eusebio<\/a><\/p>\n<p><a href=\"http:\/\/hazlosemejante.usal.edu.ar\/?page_id=411\">Ochoa de Eguileor, Jorge<\/a><\/p>\n<p><a href=\"http:\/\/hazlosemejante.usal.edu.ar\/?page_id=528\">O\u00f1a, Pedro de<\/a><\/p>\n<p><a href=\"http:\/\/hazlosemejante.usal.edu.ar\/?page_id=537\">Puga, Vasco de<\/a><\/p>\n<p><a href=\"http:\/\/hazlosemejante.usal.edu.ar\/?page_id=560\">Sepp, Anton (Continuatio laborum apostolicorum)<\/a><\/p>\n<p><a href=\"http:\/\/hazlosemejante.usal.edu.ar\/?page_id=569\">Sepp, Anton (Continuation oder fortsetzung der beschreibung, deren denckw\u00fcrdigeren Paraquarischen sachen, selbiger landschafft, v\u00f6lckern und arbeit deren sich alldort befindenden RR. Und PP. Missionariorum Soc. Jesu, Jnsonderheit aber)<\/a><\/p>\n<p><a href=\"http:\/\/hazlosemejante.usal.edu.ar\/?page_id=574\">Sepp, Anton (Reissbeschreibung, wie dieselbe aus Hispanien in Paraquariam kommen: Und kurtzer Bericht der denckw\u00fcrdigsten Sachen selbiger Landschafft, V\u00f6lckern und Arbeitung der sich alldort befindenten PP. Missionariorum)<\/a><\/p>\n<p><a href=\"http:\/\/hazlosemejante.usal.edu.ar\/?page_id=583\">Sierra, Lamberto de<\/a><\/p>\n<p><a href=\"http:\/\/hazlosemejante.usal.edu.ar\/?page_id=597\">Torquemada, Juan de<\/a><\/p>\n<p><a href=\"http:\/\/hazlosemejante.usal.edu.ar\/?page_id=605\">Torre Revello, Jos\u00e9<\/a><\/p>\n<p><a href=\"http:\/\/hazlosemejante.usal.edu.ar\/?page_id=615\">Yapuguay, Nicol\u00e1s<\/a><\/p>\n<p><a href=\"#_ftnref1\" name=\"_ftn1\">[1]<\/a> No se alfabetizan los art\u00edculos iniciales.<\/p>\n<\/div>\n<\/div><\/div><\/div><\/div><\/div><div id=\"pg-51-1\"  class=\"panel-grid panel-no-style\" ><div id=\"pgc-51-1-0\"  class=\"panel-grid-cell\" ><div id=\"panel-51-1-0-0\" class=\"so-panel widget widget_nav_menu panel-first-child panel-last-child\" data-index=\"1\" ><h3 class=\"widget-title\">Categor\u00edas<\/h3><div class=\"menu-categorias-container\"><ul id=\"menu-categorias\" class=\"menu\"><li id=\"menu-item-348\" class=\"menu-item menu-item-type-post_type menu-item-object-page menu-item-348\"><a href=\"https:\/\/hazlosemejante.usal.edu.ar\/?page_id=53\">Documentos para la literatura argentina<\/a><\/li>\n<li id=\"menu-item-629\" class=\"menu-item menu-item-type-post_type menu-item-object-page menu-item-629\"><a href=\"https:\/\/hazlosemejante.usal.edu.ar\/?page_id=443\">Documentos para la \u00e9poca colonial americana<\/a><\/li>\n<\/ul><\/div><\/div><\/div><\/div><\/div>","protected":false},"excerpt":{"rendered":"<p>\u00cdndice de t\u00edtulos[1] Arauco domado Bolet\u00edn de la industria : 1821 Causa criminal seguida contra el ex-gobernador Juan Manuel de Rosas Cedulario indiano Continuatio laborum apostolicorum Continuation oder fortsetzung der beschreibung, deren denckw\u00fcrdigeren Paraquarischen sachen, selbiger landschafft, v\u00f6lckern und arbeit deren sich alldort befindenden RR. Und PP. Missionariorum Soc. Jesu, Jnsonderheit aber De la diferencia &hellip; <\/p>\n<p class=\"link-more\"><a href=\"https:\/\/hazlosemejante.usal.edu.ar\/?page_id=51\" class=\"more-link\">Continue reading<span class=\"screen-reader-text\"> &#8220;\u00cdndice&#8221;<\/span><\/a><\/p>\n","protected":false},"author":2,"featured_media":0,"parent":0,"menu_order":0,"comment_status":"closed","ping_status":"closed","template":"","meta":[],"_links":{"self":[{"href":"https:\/\/hazlosemejante.usal.edu.ar\/index.php?rest_route=\/wp\/v2\/pages\/51"}],"collection":[{"href":"https:\/\/hazlosemejante.usal.edu.ar\/index.php?rest_route=\/wp\/v2\/pages"}],"about":[{"href":"https:\/\/hazlosemejante.usal.edu.ar\/index.php?rest_route=\/wp\/v2\/types\/page"}],"author":[{"embeddable":true,"href":"https:\/\/hazlosemejante.usal.edu.ar\/index.php?rest_route=\/wp\/v2\/users\/2"}],"replies":[{"embeddable":true,"href":"https:\/\/hazlosemejante.usal.edu.ar\/index.php?rest_route=%2Fwp%2Fv2%2Fcomments&post=51"}],"version-history":[{"count":12,"href":"https:\/\/hazlosemejante.usal.edu.ar\/index.php?rest_route=\/wp\/v2\/pages\/51\/revisions"}],"predecessor-version":[{"id":694,"href":"https:\/\/hazlosemejante.usal.edu.ar\/index.php?rest_route=\/wp\/v2\/pages\/51\/revisions\/694"}],"wp:attachment":[{"href":"https:\/\/hazlosemejante.usal.edu.ar\/index.php?rest_route=%2Fwp%2Fv2%2Fmedia&parent=51"}],"curies":[{"name":"wp","href":"https:\/\/api.w.org\/{rel}","templated":true}]}}