{"id":352,"date":"2017-08-01T18:36:09","date_gmt":"2017-08-01T21:36:09","guid":{"rendered":"http:\/\/hazlosemejante.usal.edu.ar\/?page_id=352"},"modified":"2017-08-01T18:37:12","modified_gmt":"2017-08-01T21:37:12","slug":"fausto-impresiones-del-gaucho-anastasio-el-pollo-en-la-representacion-de-esta-opera","status":"publish","type":"page","link":"https:\/\/hazlosemejante.usal.edu.ar\/?page_id=352","title":{"rendered":"Fausto : impresiones del gaucho Anastasio el Pollo en la representaci\u00f3n de esta \u00f3pera"},"content":{"rendered":"<div id=\"pl-352\"  class=\"panel-layout\" ><div id=\"pg-352-0\"  class=\"panel-grid panel-has-style\" ><div class=\"siteorigin-panels-stretch panel-row-style panel-row-style-for-352-0\" data-stretch-type=\"full-stretched\" ><div id=\"pgc-352-0-0\"  class=\"panel-grid-cell\" ><div id=\"panel-352-0-0-0\" class=\"so-panel widget widget_sow-editor panel-first-child\" data-index=\"0\" ><div\n\t\t\t\n\t\t\tclass=\"so-widget-sow-editor so-widget-sow-editor-base\"\n\t\t\t\n\t\t><h3 class=\"widget-title\">Fausto : impresiones del gaucho Anastasio el Pollo en la representaci\u00f3n de esta \u00f3pera<\/h3>\n<div class=\"siteorigin-widget-tinymce textwidget\">\n\t<p style=\"padding-left: 60px; text-align: justify;\">En ocasi\u00f3n del 60\u00b0 aniversario de la muerte de Estanislao del Campo se realiza en 1940 esta reproducci\u00f3n, una de las <em>obras m\u00e1s importantes del g\u00e9nero gauchesco. El facs\u00edmil es de la edici\u00f3n original de 1866, incluyendo las cartas y comentarios cr\u00edticos elogiosos de Juan Carlos G\u00f3mez, Ricardo Guti\u00e9rrez y Carlos Guido, junto a una l\u00e1mina de Meyer que retrata a los protagonistas conversando. El argumento de la obra se desenvuelve a trav\u00e9s de un di\u00e1logo entre dos gauchos, Anastasio \u201cel Pollo\u201d y Laguna. El primero refiere a su compadre lo acontecido en la representaci\u00f3n de la \u00f3pera Fausto de Gounod \u2013inspirada en el texto de Goethe-, ignorando que se trataba precisamente de una escenificaci\u00f3n y no de la realidad misma, interpret\u00e1ndola, por ende, desde las propias vivencias del campo.\u00a0 M\u00e1s all\u00e1 de los sucesos, el valor de la pieza tiene que ver con la maestr\u00eda con que del Campo despliega el relato y caracteriza con humor al hombre de campo. Una apreciaci\u00f3n cabal de la misma es desarrollada por Ernesto Mario Barreda, quien en esta edici\u00f3n ilustra el car\u00e1cter de la obra y elabora una semblanza cr\u00edtica y anecd\u00f3tica del autor. <\/em><\/p>\n<p style=\"padding-left: 60px; text-align: justify;\"><strong>Campo, Estanislao del<\/strong><\/p>\n<p style=\"padding-left: 60px; text-align: justify;\"><strong>Fausto : impresiones del gaucho Anastasio el Pollo en la representaci\u00f3n de esta \u00f3pera \/ Estanislao del Campo ; con un estudio de Ernesto Mario Barreda; pr\u00f3logo de Ra\u00fal Quintana. \u2014 Ed. facs\u00edm. \u2014 Buenos Aires : Biblioteca Nacional, 1940. \u2014 73 p. : l\u00e1m. pleg. ; 28 cm.<\/strong><br \/>\n<strong> Reproducci\u00f3n facs\u00edmil de la edici\u00f3n de: Buenos Aires : Impr. de Buenos Aires, 1866.<\/strong><\/p>\n<p style=\"padding-left: 60px; text-align: justify;\"><strong>Contiene ap\u00e9ndice con la reproducci\u00f3n de la primer p\u00e1gina de <em>Fausto<\/em> de Estanislao del Campo y de la litograf\u00eda de Meyer, publicadas en <em>Correo del Domingo<\/em>, v.6, n.144 (30 septiembre 1866).<\/strong><\/p>\n<p style=\"padding-left: 60px;\"><strong><br \/>\n<\/strong><\/p>\n<\/div>\n<\/div><\/div><div id=\"panel-352-0-0-1\" class=\"so-panel widget widget_nav_menu panel-last-child\" data-index=\"1\" ><div class=\"panel-widget-style panel-widget-style-for-352-0-0-1\" ><h3 class=\"widget-title\">Categorias<\/h3><div class=\"menu-categorias-container\"><ul id=\"menu-categorias\" class=\"menu\"><li id=\"menu-item-348\" class=\"menu-item menu-item-type-post_type menu-item-object-page menu-item-348\"><a href=\"https:\/\/hazlosemejante.usal.edu.ar\/?page_id=53\">Documentos para la literatura argentina<\/a><\/li>\n<li id=\"menu-item-629\" class=\"menu-item menu-item-type-post_type menu-item-object-page menu-item-629\"><a href=\"https:\/\/hazlosemejante.usal.edu.ar\/?page_id=443\">Documentos para la \u00e9poca colonial americana<\/a><\/li>\n<\/ul><\/div><\/div><\/div><\/div><div id=\"pgc-352-0-1\"  class=\"panel-grid-cell\" ><div id=\"panel-352-0-1-0\" class=\"so-panel widget widget_sow-hero panel-first-child panel-last-child\" data-index=\"2\" ><div class=\"panel-widget-style panel-widget-style-for-352-0-1-0\" ><div\n\t\t\t\n\t\t\tclass=\"so-widget-sow-hero so-widget-sow-hero-default-6a096a46df53-352\"\n\t\t\t\n\t\t>\t\t\t\t<div class=\"sow-slider-base\" style=\"display: none\">\n\t\t\t\t\t<ul\n\t\t\t\t\tclass=\"sow-slider-images\"\n\t\t\t\t\tdata-settings=\"{&quot;pagination&quot;:true,&quot;speed&quot;:800,&quot;timeout&quot;:8000,&quot;paused&quot;:false,&quot;pause_on_hover&quot;:false,&quot;swipe&quot;:false,&quot;nav_always_show_desktop&quot;:&quot;&quot;,&quot;nav_always_show_mobile&quot;:&quot;&quot;,&quot;breakpoint&quot;:&quot;780px&quot;,&quot;unmute&quot;:false,&quot;anchor&quot;:null}\"\n\t\t\t\t\t\t\t\t\t\tdata-anchor-id=\"\"\n\t\t\t\t>\t\t<li class=\"sow-slider-image  sow-slider-image-cover\" style=\"visibility: visible;;background-color: #333333;background-image: url(https:\/\/hazlosemejante.usal.edu.ar\/wp-content\/uploads\/2017\/08\/81.jpg);cursor: pointer;\" data-url=\"{&quot;url&quot;:&quot;http:\\\/\\\/hazlosemejante.usal.edu.ar\\\/wp-content\\\/uploads\\\/2017\\\/08\\\/81.jpg&quot;,&quot;new_window&quot;:true}\" >\n\t\t\t\t\t<div class=\"sow-slider-image-container\">\n\t\t\t<div class=\"sow-slider-image-wrapper\">\n\t\t\t\t\t\t\t<\/div>\n\t\t<\/div>\n\t\t\t\t<\/li>\n\t\t\t\t<li class=\"sow-slider-image  sow-slider-image-cover\" style=\"visibility: hidden;;background-color: #333333;background-image: url(https:\/\/hazlosemejante.usal.edu.ar\/wp-content\/uploads\/2017\/08\/82.jpg);cursor: pointer;\" data-url=\"{&quot;url&quot;:&quot;http:\\\/\\\/hazlosemejante.usal.edu.ar\\\/wp-content\\\/uploads\\\/2017\\\/08\\\/82.jpg&quot;,&quot;new_window&quot;:true}\" >\n\t\t\t\t\t<div class=\"sow-slider-image-container\">\n\t\t\t<div class=\"sow-slider-image-wrapper\">\n\t\t\t\t\t\t\t<\/div>\n\t\t<\/div>\n\t\t\t\t<\/li>\n\t\t\t\t<li class=\"sow-slider-image  sow-slider-image-cover\" style=\"visibility: hidden;;background-color: #333333;background-image: url(https:\/\/hazlosemejante.usal.edu.ar\/wp-content\/uploads\/2017\/08\/83.jpg);cursor: pointer;\" data-url=\"{&quot;url&quot;:&quot;http:\\\/\\\/hazlosemejante.usal.edu.ar\\\/wp-content\\\/uploads\\\/2017\\\/08\\\/83.jpg&quot;,&quot;new_window&quot;:true}\" >\n\t\t\t\t\t<div class=\"sow-slider-image-container\">\n\t\t\t<div class=\"sow-slider-image-wrapper\">\n\t\t\t\t\t\t\t<\/div>\n\t\t<\/div>\n\t\t\t\t<\/li>\n\t\t\t\t<li class=\"sow-slider-image  sow-slider-image-cover\" style=\"visibility: hidden;;background-color: #333333;background-image: url(https:\/\/hazlosemejante.usal.edu.ar\/wp-content\/uploads\/2017\/08\/84.jpg);cursor: pointer;\" data-url=\"{&quot;url&quot;:&quot;http:\\\/\\\/hazlosemejante.usal.edu.ar\\\/wp-content\\\/uploads\\\/2017\\\/08\\\/84.jpg&quot;,&quot;new_window&quot;:true}\" >\n\t\t\t\t\t<div class=\"sow-slider-image-container\">\n\t\t\t<div class=\"sow-slider-image-wrapper\">\n\t\t\t\t\t\t\t<\/div>\n\t\t<\/div>\n\t\t\t\t<\/li>\n\t\t<\/ul>\t\t\t\t<ol class=\"sow-slider-pagination\">\n\t\t\t\t\t\t\t\t\t\t\t<li><a href=\"#\" data-goto=\"0\" aria-label=\"display slide 1\"><\/a><\/li>\n\t\t\t\t\t\t\t\t\t\t\t<li><a href=\"#\" data-goto=\"1\" aria-label=\"display slide 2\"><\/a><\/li>\n\t\t\t\t\t\t\t\t\t\t\t<li><a href=\"#\" data-goto=\"2\" aria-label=\"display slide 3\"><\/a><\/li>\n\t\t\t\t\t\t\t\t\t\t\t<li><a href=\"#\" data-goto=\"3\" aria-label=\"display slide 4\"><\/a><\/li>\n\t\t\t\t\t\t\t\t\t<\/ol>\n\n\t\t\t\t<div class=\"sow-slide-nav sow-slide-nav-next\">\n\t\t\t\t\t<a href=\"#\" data-goto=\"next\" aria-label=\"next slide\" data-action=\"next\">\n\t\t\t\t\t\t<em class=\"sow-sld-icon-thick-rounded-right\"><\/em>\n\t\t\t\t\t<\/a>\n\t\t\t\t<\/div>\n\n\t\t\t\t<div class=\"sow-slide-nav sow-slide-nav-prev\">\n\t\t\t\t\t<a href=\"#\" data-goto=\"previous\" aria-label=\"previous slide\" data-action=\"prev\">\n\t\t\t\t\t\t<em class=\"sow-sld-icon-thick-rounded-left\"><\/em>\n\t\t\t\t\t<\/a>\n\t\t\t\t<\/div>\n\t\t\t\t<\/div><\/div><\/div><\/div><\/div><\/div><\/div><\/div>","protected":false},"excerpt":{"rendered":"<p>En ocasi\u00f3n del 60\u00b0 aniversario de la muerte de Estanislao del Campo se realiza en 1940 esta reproducci\u00f3n, una de las obras m\u00e1s importantes del g\u00e9nero gauchesco. El facs\u00edmil es de la edici\u00f3n original de 1866, incluyendo las cartas y comentarios cr\u00edticos elogiosos de Juan Carlos G\u00f3mez, Ricardo Guti\u00e9rrez y Carlos Guido, junto a una &hellip; <\/p>\n<p class=\"link-more\"><a href=\"https:\/\/hazlosemejante.usal.edu.ar\/?page_id=352\" class=\"more-link\">Continue reading<span class=\"screen-reader-text\"> &#8220;Fausto : impresiones del gaucho Anastasio el Pollo en la representaci\u00f3n de esta \u00f3pera&#8221;<\/span><\/a><\/p>\n","protected":false},"author":2,"featured_media":0,"parent":53,"menu_order":2,"comment_status":"closed","ping_status":"closed","template":"","meta":[],"_links":{"self":[{"href":"https:\/\/hazlosemejante.usal.edu.ar\/index.php?rest_route=\/wp\/v2\/pages\/352"}],"collection":[{"href":"https:\/\/hazlosemejante.usal.edu.ar\/index.php?rest_route=\/wp\/v2\/pages"}],"about":[{"href":"https:\/\/hazlosemejante.usal.edu.ar\/index.php?rest_route=\/wp\/v2\/types\/page"}],"author":[{"embeddable":true,"href":"https:\/\/hazlosemejante.usal.edu.ar\/index.php?rest_route=\/wp\/v2\/users\/2"}],"replies":[{"embeddable":true,"href":"https:\/\/hazlosemejante.usal.edu.ar\/index.php?rest_route=%2Fwp%2Fv2%2Fcomments&post=352"}],"version-history":[{"count":2,"href":"https:\/\/hazlosemejante.usal.edu.ar\/index.php?rest_route=\/wp\/v2\/pages\/352\/revisions"}],"predecessor-version":[{"id":358,"href":"https:\/\/hazlosemejante.usal.edu.ar\/index.php?rest_route=\/wp\/v2\/pages\/352\/revisions\/358"}],"up":[{"embeddable":true,"href":"https:\/\/hazlosemejante.usal.edu.ar\/index.php?rest_route=\/wp\/v2\/pages\/53"}],"wp:attachment":[{"href":"https:\/\/hazlosemejante.usal.edu.ar\/index.php?rest_route=%2Fwp%2Fv2%2Fmedia&parent=352"}],"curies":[{"name":"wp","href":"https:\/\/api.w.org\/{rel}","templated":true}]}}